{"id":45,"date":"2023-05-27T17:12:33","date_gmt":"2023-05-27T15:12:33","guid":{"rendered":"https:\/\/omamori-consulting.com\/?page_id=45"},"modified":"2026-03-11T15:03:23","modified_gmt":"2026-03-11T14:03:23","slug":"accueil","status":"publish","type":"page","link":"https:\/\/omamori-consulting.com\/","title":{"rendered":"Accueil"},"content":{"rendered":"\n<div class=\"wp-block-cover alignfull is-light hestia-clear-top-padding\"><span aria-hidden=\"true\" class=\"wp-block-cover__background has-white-background-color has-background-dim-100 has-background-dim\"><\/span><div class=\"wp-block-cover__inner-container is-layout-flow wp-block-cover-is-layout-flow\">\n<h2 class=\"wp-block-heading has-text-align-center has-text-color\" style=\"color:#3c4858\">Ce que nous proposons<\/h2>\n\n\n\n<div style=\"height:40px\" aria-hidden=\"true\" class=\"wp-block-spacer\"><\/div>\n\n\n\n<div class=\"wp-block-columns container is-layout-flex wp-container-core-columns-is-layout-28f84493 wp-block-columns-is-layout-flex\">\n<div class=\"wp-block-column is-layout-flow wp-block-column-is-layout-flow\"><div class=\"wp-block-image\">\n<figure class=\"aligncenter size-full is-resized\"><img loading=\"lazy\" decoding=\"async\" width=\"512\" height=\"512\" src=\"https:\/\/omamori-consulting.com\/wp-content\/uploads\/2026\/03\/icon-rssi-3.png\" alt=\"\" class=\"wp-image-199\" style=\"width:78px;height:auto\" srcset=\"https:\/\/omamori-consulting.com\/wp-content\/uploads\/2026\/03\/icon-rssi-3.png 512w, https:\/\/omamori-consulting.com\/wp-content\/uploads\/2026\/03\/icon-rssi-3-300x300.png 300w, https:\/\/omamori-consulting.com\/wp-content\/uploads\/2026\/03\/icon-rssi-3-150x150.png 150w\" sizes=\"auto, (max-width: 512px) 100vw, 512px\" \/><\/figure>\n<\/div>\n\n\n<h5 class=\"wp-block-heading has-text-align-center has-text-color\" style=\"color:#3c4858;font-size:18px\">Votre RSSI de confiance, quand vous en avez besoin<\/h5>\n\n\n\n<p class=\"has-text-align-center has-text-color\" style=\"color:#999999;font-size:14px\">Pas encore de RSSI en interne ? En attente de recrutement ? Ou simplement besoin d&rsquo;un regard expert en renfort de vos \u00e9quipes ? <\/p>\n\n\n\n<p class=\"has-text-align-center has-text-color\" style=\"color:#999999;font-size:14px\">OMAMORI Consulting intervient en tant que&nbsp;<strong>RSSI \/ CISO externe<\/strong>, \u00e0 temps partiel ou en mission de transition \u2014 modulable selon vos contraintes.<\/p>\n\n\n\n<p class=\"has-text-align-center has-text-color\" style=\"color:#999999;font-size:14px\">De la strat\u00e9gie \u00e0 l&rsquo;op\u00e9rationnel : d\u00e9finition de feuille de route, choix et d\u00e9ploiement de solutions, coaching de vos \u00e9quipes. Une vision \u00e0 360\u00b0 pour une cybers\u00e9curit\u00e9 efficace et align\u00e9e \u00e0 vos enjeux m\u00e9tier.<\/p>\n\n\n\n<p><\/p>\n\n\n\n<p class=\"has-text-align-center has-text-color\" style=\"color:#999999;font-size:14px\"><\/p>\n\n\n\n<p><\/p>\n\n\n\n<p><\/p>\n\n\n\n<p><\/p>\n\n\n\n<div style=\"height:25px\" aria-hidden=\"true\" class=\"wp-block-spacer\"><\/div>\n<\/div>\n\n\n\n<div class=\"wp-block-column is-layout-flow wp-block-column-is-layout-flow\"><div class=\"wp-block-image\">\n<figure class=\"aligncenter size-full is-resized\"><img loading=\"lazy\" decoding=\"async\" width=\"512\" height=\"512\" src=\"https:\/\/omamori-consulting.com\/wp-content\/uploads\/2026\/03\/icon-conformite-1.png\" alt=\"\" class=\"wp-image-198\" style=\"width:84px;height:auto\" srcset=\"https:\/\/omamori-consulting.com\/wp-content\/uploads\/2026\/03\/icon-conformite-1.png 512w, https:\/\/omamori-consulting.com\/wp-content\/uploads\/2026\/03\/icon-conformite-1-300x300.png 300w, https:\/\/omamori-consulting.com\/wp-content\/uploads\/2026\/03\/icon-conformite-1-150x150.png 150w\" sizes=\"auto, (max-width: 512px) 100vw, 512px\" \/><\/figure>\n<\/div>\n\n\n<h5 class=\"wp-block-heading has-text-align-center has-text-color\" style=\"color:#3c4858;font-size:18px\">ISO 27001, NIS2, PCI-DSS : transformez vos obligations en avantage concurrentiel<\/h5>\n\n\n\n<p class=\"has-text-align-center has-text-color\" style=\"color:#999999;font-size:14px\">Certification obligatoire, appel d&rsquo;offres exigeant, audit client en vue ? OMAMORI Consulting \u00e9value votre niveau de maturit\u00e9 actuel et vous propose une feuille de route r\u00e9aliste pour atteindre votre objectif dans les meilleurs d\u00e9lais.<\/p>\n\n\n\n<p class=\"has-text-align-center has-text-color\" style=\"color:#999999;font-size:14px\">Nous pouvons \u00e9galement vous accompagner dans la mise en \u0153uvre compl\u00e8te \u2014 jusqu&rsquo;\u00e0 l&rsquo;audit de certification.<\/p>\n\n\n\n<div style=\"height:25px\" aria-hidden=\"true\" class=\"wp-block-spacer\"><\/div>\n<\/div>\n\n\n\n<div class=\"wp-block-column is-layout-flow wp-block-column-is-layout-flow\"><div class=\"wp-block-image\">\n<figure class=\"aligncenter size-full is-resized\"><img loading=\"lazy\" decoding=\"async\" width=\"512\" height=\"512\" src=\"https:\/\/omamori-consulting.com\/wp-content\/uploads\/2026\/03\/icon-audit-2.png\" alt=\"\" class=\"wp-image-197\" style=\"width:86px;height:auto\" srcset=\"https:\/\/omamori-consulting.com\/wp-content\/uploads\/2026\/03\/icon-audit-2.png 512w, https:\/\/omamori-consulting.com\/wp-content\/uploads\/2026\/03\/icon-audit-2-300x300.png 300w, https:\/\/omamori-consulting.com\/wp-content\/uploads\/2026\/03\/icon-audit-2-150x150.png 150w\" sizes=\"auto, (max-width: 512px) 100vw, 512px\" \/><\/figure>\n<\/div>\n\n\n<h5 class=\"wp-block-heading has-text-align-center has-text-color\" style=\"color:#3c4858;font-size:18px\">Audit ISO 27001 par un auditeur certifi\u00e9 AFNOR ICA<\/h5>\n\n\n\n<p class=\"has-text-align-center has-text-color\" style=\"color:#999999;font-size:14px\">Vous souhaitez \u00e9valuer votre conformit\u00e9 avant une certification, ou faire auditer votre SMSI par un tiers ind\u00e9pendant ?<\/p>\n\n\n\n<p class=\"has-text-align-center has-text-color\" style=\"color:#999999;font-size:14px\">En tant qu&rsquo;auditrice certifi\u00e9e&nbsp;<strong>Responsable d&rsquo;Audit S\u00e9curit\u00e9 de l&rsquo;Information<\/strong>&nbsp;(AFNOR ICA), Catia BOUSABER r\u00e9alise vos audits de conformit\u00e9 ISO 27001 avec rigueur et impartialit\u00e9 \u2014 sur les r\u00e9f\u00e9rentiels ISO 27001:2022, 27001:2013, 27000:2018, 27006:2020 et ISO 19011:2018.<\/p>\n\n\n\n<figure class=\"wp-block-image size-full\"><a href=\"https:\/\/certificats-personnes.afnor.org\/?key=3895166A1DA4057196C5ACC9DB39EDD89D491889893FB728DBA963B2EB5B9702VlFHUzkvSGN4Zi9nM2U4aUZkbHFBVEJOMTlMWEtXMUhFL2g4aFFLTVVKVm9keGtv\"><img loading=\"lazy\" decoding=\"async\" width=\"476\" height=\"158\" src=\"https:\/\/omamori-consulting.com\/wp-content\/uploads\/2026\/01\/signature-ICA-V3-01.jpg\" alt=\"\" class=\"wp-image-163\" srcset=\"https:\/\/omamori-consulting.com\/wp-content\/uploads\/2026\/01\/signature-ICA-V3-01.jpg 476w, https:\/\/omamori-consulting.com\/wp-content\/uploads\/2026\/01\/signature-ICA-V3-01-300x100.jpg 300w\" sizes=\"auto, (max-width: 476px) 100vw, 476px\" \/><\/a><\/figure>\n\n\n\n<p class=\"has-text-align-center has-text-color\" style=\"color:#999999;font-size:14px\"><\/p>\n\n\n\n<div style=\"height:25px\" aria-hidden=\"true\" class=\"wp-block-spacer\"><\/div>\n<\/div>\n<\/div>\n\n\n\n<div style=\"height:40px\" aria-hidden=\"true\" class=\"wp-block-spacer\"><\/div>\n<\/div><\/div>\n\n\n\n<div class=\"wp-block-columns container is-layout-flex wp-container-core-columns-is-layout-28f84493 wp-block-columns-is-layout-flex\">\n<div class=\"wp-block-column col-md-5 is-layout-flow wp-block-column-is-layout-flow\">\n<div style=\"height:55px\" aria-hidden=\"true\" class=\"wp-block-spacer\"><\/div>\n\n\n\n<h2 class=\"wp-block-heading\">Omamori, partenaire de confiance<\/h2>\n\n\n\n<p>Int\u00e9ress\u00e9 ? Contactez nous via le formulaire en bas de page pour nous expliquer votre besoin et avoir un retour rapide !<\/p>\n<\/div>\n\n\n\n<div class=\"wp-block-column col-md-6 col-md-offset1 is-layout-flow wp-block-column-is-layout-flow\">\n<div style=\"height:55px\" aria-hidden=\"true\" class=\"wp-block-spacer\"><\/div>\n\n\n\n<p><\/p>\n<\/div>\n<\/div>\n","protected":false},"excerpt":{"rendered":"<p>Omamori, partenaire de confiance Int\u00e9ress\u00e9 ? Contactez nous via le formulaire en bas de page pour nous expliquer votre besoin et avoir un retour rapide !<\/p>\n","protected":false},"author":1,"featured_media":95,"parent":0,"menu_order":0,"comment_status":"closed","ping_status":"closed","template":"","meta":{"footnotes":""},"class_list":["post-45","page","type-page","status-publish","has-post-thumbnail","hentry"],"_links":{"self":[{"href":"https:\/\/omamori-consulting.com\/index.php?rest_route=\/wp\/v2\/pages\/45","targetHints":{"allow":["GET"]}}],"collection":[{"href":"https:\/\/omamori-consulting.com\/index.php?rest_route=\/wp\/v2\/pages"}],"about":[{"href":"https:\/\/omamori-consulting.com\/index.php?rest_route=\/wp\/v2\/types\/page"}],"author":[{"embeddable":true,"href":"https:\/\/omamori-consulting.com\/index.php?rest_route=\/wp\/v2\/users\/1"}],"replies":[{"embeddable":true,"href":"https:\/\/omamori-consulting.com\/index.php?rest_route=%2Fwp%2Fv2%2Fcomments&post=45"}],"version-history":[{"count":16,"href":"https:\/\/omamori-consulting.com\/index.php?rest_route=\/wp\/v2\/pages\/45\/revisions"}],"predecessor-version":[{"id":200,"href":"https:\/\/omamori-consulting.com\/index.php?rest_route=\/wp\/v2\/pages\/45\/revisions\/200"}],"wp:featuredmedia":[{"embeddable":true,"href":"https:\/\/omamori-consulting.com\/index.php?rest_route=\/wp\/v2\/media\/95"}],"wp:attachment":[{"href":"https:\/\/omamori-consulting.com\/index.php?rest_route=%2Fwp%2Fv2%2Fmedia&parent=45"}],"curies":[{"name":"wp","href":"https:\/\/api.w.org\/{rel}","templated":true}]}}